{"id":1974,"date":"2015-01-14T17:18:21","date_gmt":"2015-01-14T16:18:21","guid":{"rendered":"http:\/\/www.jeanfrancoislivet.com\/Djiefe\/?page_id=1974"},"modified":"2015-12-01T09:48:01","modified_gmt":"2015-12-01T08:48:01","slug":"objectifs","status":"publish","type":"page","link":"https:\/\/www.jeanfrancoislivet.com\/Djiefe\/?page_id=1974","title":{"rendered":"Objectifs"},"content":{"rendered":"<p>&nbsp;<\/p>\n<div class=\"row-fluid\">\n<div class=\"span4 \" >\nContent for 1\/3 Column here<br \/>\n<\/div>\n<div class=\"span8 \" >\nUn objectif, c&rsquo;est un but (ou une finalit\u00e9) que l&rsquo;on s&rsquo;est fix\u00e9(e) et qui se doit d&rsquo;\u00eatre r\u00e9alis\u00e9(e) au travers d&rsquo;un projet ;<br \/>\nEn optique, un objectif est un syst\u00e8me optique constitu\u00e9 d&rsquo;un ensemble de lentilles simples ou compos\u00e9es (doublets, triplets) en verre min\u00e9ral, organique ou composite.<br \/>\n\u00catre objectif, c&rsquo;est donner un point de vue exempt de tout jugement personnel.<br \/>\n<\/div>\n<\/div>\n","protected":false},"excerpt":{"rendered":"<p>&nbsp;<\/p>\n","protected":false},"author":1,"featured_media":0,"parent":0,"menu_order":0,"comment_status":"closed","ping_status":"open","template":"full-width.php","meta":{"footnotes":""},"class_list":["post-1974","page","type-page","status-publish","hentry"],"_links":{"self":[{"href":"https:\/\/www.jeanfrancoislivet.com\/Djiefe\/index.php?rest_route=\/wp\/v2\/pages\/1974","targetHints":{"allow":["GET"]}}],"collection":[{"href":"https:\/\/www.jeanfrancoislivet.com\/Djiefe\/index.php?rest_route=\/wp\/v2\/pages"}],"about":[{"href":"https:\/\/www.jeanfrancoislivet.com\/Djiefe\/index.php?rest_route=\/wp\/v2\/types\/page"}],"author":[{"embeddable":true,"href":"https:\/\/www.jeanfrancoislivet.com\/Djiefe\/index.php?rest_route=\/wp\/v2\/users\/1"}],"replies":[{"embeddable":true,"href":"https:\/\/www.jeanfrancoislivet.com\/Djiefe\/index.php?rest_route=%2Fwp%2Fv2%2Fcomments&post=1974"}],"version-history":[{"count":8,"href":"https:\/\/www.jeanfrancoislivet.com\/Djiefe\/index.php?rest_route=\/wp\/v2\/pages\/1974\/revisions"}],"predecessor-version":[{"id":2315,"href":"https:\/\/www.jeanfrancoislivet.com\/Djiefe\/index.php?rest_route=\/wp\/v2\/pages\/1974\/revisions\/2315"}],"wp:attachment":[{"href":"https:\/\/www.jeanfrancoislivet.com\/Djiefe\/index.php?rest_route=%2Fwp%2Fv2%2Fmedia&parent=1974"}],"curies":[{"name":"wp","href":"https:\/\/api.w.org\/{rel}","templated":true}]}}