{"id":1819,"date":"2014-03-25T15:52:42","date_gmt":"2014-03-25T14:52:42","guid":{"rendered":"http:\/\/www.jeanfrancoislivet.com\/Djiefe\/?page_id=1819"},"modified":"2015-01-13T17:24:37","modified_gmt":"2015-01-13T16:24:37","slug":"ephemeres","status":"publish","type":"page","link":"https:\/\/www.jeanfrancoislivet.com\/Djiefe\/?page_id=1819","title":{"rendered":"Eph\u00e9m\u00e8res"},"content":{"rendered":"    <div class=\"port_menu\">\n            <\/div>    \n<div>\n    <article class=\"item\" data-permalink=\"https:\/\/www.jeanfrancoislivet.com\/Djiefe\/?page_id=1819\">\n      <div class=\"portfolio-outer\">\n        <div id=\"portfolio-container\">\n            \n            <div class=\" elements ephemere \">\n                <div class=\"element3  portfolio_item\">\n                    <a data-rel=\"prettyPhoto[pp_gal]\" href=\"https:\/\/www.jeanfrancoislivet.com\/Djiefe\/wp-content\/uploads\/2015\/01\/IMG_4568.jpg\" class=\"imgportfolio\" >\n                        <img fetchpriority=\"high\" decoding=\"async\" width=\"300\" height=\"225\" src=\"https:\/\/www.jeanfrancoislivet.com\/Djiefe\/wp-content\/uploads\/2015\/01\/IMG_4568-300x225.jpg\" class=\"attachment-portfolio-three size-portfolio-three wp-post-image\" alt=\"\" srcset=\"https:\/\/www.jeanfrancoislivet.com\/Djiefe\/wp-content\/uploads\/2015\/01\/IMG_4568-300x225.jpg 300w, https:\/\/www.jeanfrancoislivet.com\/Djiefe\/wp-content\/uploads\/2015\/01\/IMG_4568-220x165.jpg 220w\" sizes=\"(max-width: 300px) 100vw, 300px\" \/>                        <div class=\"imgportfolio_overlay\"><i class=\"icon-search\"><\/i><\/div>\n                    <\/a>\n                    <div class=\"info_portfolio\">\n                        <a class=\"wp-caption-text\" href=\"https:\/\/www.jeanfrancoislivet.com\/Djiefe\/?portfolio=ephemere\" title=\"Eph\u00e9m\u00e8re\" rel=\"bookmark\">Eph\u00e9m\u00e8re<\/a>\n                        <div class=\"portfolio_cat\"><a href=\"https:\/\/www.jeanfrancoislivet.com\/Djiefe\/?portfolio_category=elements\" rel=\"tag\">\u00e9l\u00e9ments<\/a>, <a href=\"https:\/\/www.jeanfrancoislivet.com\/Djiefe\/?portfolio_category=ephemere\" rel=\"tag\">\u00e9ph\u00e9m\u00e8re<\/a><\/div>\n                    <\/div>\n                <\/div>\n            <\/div>    \n            \n            <div class=\" elements ephemere \">\n                <div class=\"element3  portfolio_item\">\n                    <a data-rel=\"prettyPhoto[pp_gal]\" href=\"https:\/\/www.jeanfrancoislivet.com\/Djiefe\/wp-content\/uploads\/2015\/01\/IMG_0245.jpg\" class=\"imgportfolio\" >\n                        <img decoding=\"async\" width=\"300\" height=\"225\" src=\"https:\/\/www.jeanfrancoislivet.com\/Djiefe\/wp-content\/uploads\/2015\/01\/IMG_0245-300x225.jpg\" class=\"attachment-portfolio-three size-portfolio-three wp-post-image\" alt=\"\" srcset=\"https:\/\/www.jeanfrancoislivet.com\/Djiefe\/wp-content\/uploads\/2015\/01\/IMG_0245-300x225.jpg 300w, https:\/\/www.jeanfrancoislivet.com\/Djiefe\/wp-content\/uploads\/2015\/01\/IMG_0245-220x165.jpg 220w\" sizes=\"(max-width: 300px) 100vw, 300px\" \/>                        <div class=\"imgportfolio_overlay\"><i class=\"icon-search\"><\/i><\/div>\n                    <\/a>\n                    <div class=\"info_portfolio\">\n                        <a class=\"wp-caption-text\" href=\"https:\/\/www.jeanfrancoislivet.com\/Djiefe\/?portfolio=ephemeres\" title=\"Eph\u00e9m\u00e8res\" rel=\"bookmark\">Eph\u00e9m\u00e8res<\/a>\n                        <div class=\"portfolio_cat\"><a href=\"https:\/\/www.jeanfrancoislivet.com\/Djiefe\/?portfolio_category=elements\" rel=\"tag\">\u00e9l\u00e9ments<\/a>, <a href=\"https:\/\/www.jeanfrancoislivet.com\/Djiefe\/?portfolio_category=ephemere\" rel=\"tag\">\u00e9ph\u00e9m\u00e8re<\/a><\/div>\n                    <\/div>\n                <\/div>\n            <\/div>    \n            \n            <div class=\" elements ephemere water \">\n                <div class=\"element3  portfolio_item\">\n                    <a data-rel=\"prettyPhoto[pp_gal]\" href=\"https:\/\/www.jeanfrancoislivet.com\/Djiefe\/wp-content\/uploads\/2015\/01\/IMG_0663nb.jpg\" class=\"imgportfolio\" >\n                        <img decoding=\"async\" width=\"300\" height=\"225\" src=\"https:\/\/www.jeanfrancoislivet.com\/Djiefe\/wp-content\/uploads\/2015\/01\/IMG_0663nb-300x225.jpg\" class=\"attachment-portfolio-three size-portfolio-three wp-post-image\" alt=\"\" srcset=\"https:\/\/www.jeanfrancoislivet.com\/Djiefe\/wp-content\/uploads\/2015\/01\/IMG_0663nb-300x225.jpg 300w, https:\/\/www.jeanfrancoislivet.com\/Djiefe\/wp-content\/uploads\/2015\/01\/IMG_0663nb-220x165.jpg 220w\" sizes=\"(max-width: 300px) 100vw, 300px\" \/>                        <div class=\"imgportfolio_overlay\"><i class=\"icon-search\"><\/i><\/div>\n                    <\/a>\n                    <div class=\"info_portfolio\">\n                        <a class=\"wp-caption-text\" href=\"https:\/\/www.jeanfrancoislivet.com\/Djiefe\/?portfolio=fontaine-stanislas\" title=\"Fontaine Stanislas\" rel=\"bookmark\">Fontaine Stanislas<\/a>\n                        <div class=\"portfolio_cat\"><a href=\"https:\/\/www.jeanfrancoislivet.com\/Djiefe\/?portfolio_category=elements\" rel=\"tag\">\u00e9l\u00e9ments<\/a>, <a href=\"https:\/\/www.jeanfrancoislivet.com\/Djiefe\/?portfolio_category=ephemere\" rel=\"tag\">\u00e9ph\u00e9m\u00e8re<\/a>, <a href=\"https:\/\/www.jeanfrancoislivet.com\/Djiefe\/?portfolio_category=water\" rel=\"tag\">water<\/a><\/div>\n                    <\/div>\n                <\/div>\n            <\/div>    \n                <\/div>\n      <\/div>    \n    <\/article>\n    <div style=\"clear:both\"><\/div>\n    <\/div>\n<script type=\"text\/javascript\">\n(function($) {\n    $(window).load(function() {\n        $.Isotope.prototype._getCenteredMasonryColumns = function() {\n        this.width = this.element.width();\n        \n        var parentWidth = this.element.parent().width();\n        \n                      \/\/ i.e. options.masonry && options.masonry.columnWidth\n        var colW = this.options.masonry && this.options.masonry.columnWidth ||\n                      \/\/ or use the size of the first item\n                      this.$filteredAtoms.outerWidth(true) ||\n                      \/\/ if there's no items, use size of container\n                      parentWidth;\n        \n        var cols = Math.floor( parentWidth \/ colW );\n        cols = Math.max( cols, 1 );\n\n        \/\/ i.e. this.masonry.cols = ....\n        this.masonry.cols = cols;\n        \/\/ i.e. this.masonry.columnWidth = ...\n        this.masonry.columnWidth = colW;\n      };\n      \n      $.Isotope.prototype._masonryReset = function() {\n        \/\/ layout-specific props\n        this.masonry = {};\n        \/\/ FIXME shouldn't have to call this again\n        this._getCenteredMasonryColumns();\n        var i = this.masonry.cols;\n        this.masonry.colYs = [];\n        while (i--) {\n          this.masonry.colYs.push( 0 );\n        }\n      };\n\n      $.Isotope.prototype._masonryResizeChanged = function() {\n        var prevColCount = this.masonry.cols;\n        \/\/ get updated colCount\n        this._getCenteredMasonryColumns();\n        return ( this.masonry.cols !== prevColCount );\n      };\n      \n      $.Isotope.prototype._masonryGetContainerSize = function() {\n        var unusedCols = 0,\n            i = this.masonry.cols;\n        \/\/ count unused columns\n        while ( --i ) {\n          if ( this.masonry.colYs[i] !== 0 ) {\n            break;\n          }\n          unusedCols++;\n        }\n    return {\n          height : Math.max.apply( Math, this.masonry.colYs ),\n          \/\/ fit container to columns that have been used;\n          width : (this.masonry.cols - unusedCols) * this.masonry.columnWidth\n        };\n  };\n    \n    \n        jQuery('#portfolio-container').isotope({\n            resizable: true,\n            layoutMode : 'masonry',\n            containerClass : 'isotope',\n            itemClass : 'isotope-item',\n            hiddenClass : 'isotope-hidden',\n            hiddenStyle: { opacity: 0, scale: 0.001 },\n            visibleStyle: { opacity: 1, scale: 1 },\n            containerStyle: {\n              position: 'relative',\n              overflow: 'hidden'\n            },\n            animationEngine: 'best-available',\n            animationOptions: {\n              queue: false,\n              duration: 1800\n            },\n            sortBy : 'original-order',\n            sortAscending : true,\n            resizesContainer : true,\n            transformsEnabled: true,\n            itemPositionDataEnabled: false            \n        });\n        \n        $('#portfolio-tabs a').click(function(e){\n            $('#maininner').css('min-height','136px') ;\n            \n            e.preventDefault();            \n            var selector = $(this).attr('data-filter');\n            $('#portfolio-container').isotope({ filter: selector });\n\n            $(this).parents('ul').find('li').removeClass('active');\n            $(this).parent().addClass('active');\n        }); \n        \n        $(\"a[data-rel^='prettyPhoto']\").prettyPhoto({hook:'data-rel',theme: 'light_square',show_title: false,});\n        \n    });\n})(jQuery);\n<\/script>\n\n","protected":false},"excerpt":{"rendered":"","protected":false},"author":1,"featured_media":0,"parent":1816,"menu_order":0,"comment_status":"open","ping_status":"open","template":"full-width.php","meta":{"footnotes":""},"class_list":["post-1819","page","type-page","status-publish","hentry"],"_links":{"self":[{"href":"https:\/\/www.jeanfrancoislivet.com\/Djiefe\/index.php?rest_route=\/wp\/v2\/pages\/1819","targetHints":{"allow":["GET"]}}],"collection":[{"href":"https:\/\/www.jeanfrancoislivet.com\/Djiefe\/index.php?rest_route=\/wp\/v2\/pages"}],"about":[{"href":"https:\/\/www.jeanfrancoislivet.com\/Djiefe\/index.php?rest_route=\/wp\/v2\/types\/page"}],"author":[{"embeddable":true,"href":"https:\/\/www.jeanfrancoislivet.com\/Djiefe\/index.php?rest_route=\/wp\/v2\/users\/1"}],"replies":[{"embeddable":true,"href":"https:\/\/www.jeanfrancoislivet.com\/Djiefe\/index.php?rest_route=%2Fwp%2Fv2%2Fcomments&post=1819"}],"version-history":[{"count":3,"href":"https:\/\/www.jeanfrancoislivet.com\/Djiefe\/index.php?rest_route=\/wp\/v2\/pages\/1819\/revisions"}],"predecessor-version":[{"id":1942,"href":"https:\/\/www.jeanfrancoislivet.com\/Djiefe\/index.php?rest_route=\/wp\/v2\/pages\/1819\/revisions\/1942"}],"up":[{"embeddable":true,"href":"https:\/\/www.jeanfrancoislivet.com\/Djiefe\/index.php?rest_route=\/wp\/v2\/pages\/1816"}],"wp:attachment":[{"href":"https:\/\/www.jeanfrancoislivet.com\/Djiefe\/index.php?rest_route=%2Fwp%2Fv2%2Fmedia&parent=1819"}],"curies":[{"name":"wp","href":"https:\/\/api.w.org\/{rel}","templated":true}]}}